{"id":20295,"date":"2025-12-20T18:08:27","date_gmt":"2025-12-20T18:08:27","guid":{"rendered":"https:\/\/cocinahermanostorres.com\/?page_id=20295"},"modified":"2025-12-20T18:08:27","modified_gmt":"2025-12-20T18:08:27","slug":"regala-cocina-hermanos-torres","status":"publish","type":"page","link":"https:\/\/cocinahermanostorres.com\/es\/regala-cocina-hermanos-torres\/","title":{"rendered":"Regala Cocina Hermanos Torres"},"content":{"rendered":"\n<!-- FORMULARIO -->\n<form method=\"post\" id=\"cr-form\">\n<p><strong>Regala una experiencia inolvidable, \u00fanica en Barcelona. Un servicio de cocina y sala en directo en un entorno inmersivo, donde podr\u00e1s ver a los Hermanos Torres y su equipo confeccionar un men\u00fa 3 estrellas Michelin desde tu mesa. S\u00e9 parte de la magia. El men\u00fa completo consta de 16 pases, incluyendo petit fours y 3 postres. El precio es de 320\u20ac por persona y no incluye bebidas.<\/strong><\/p>\n\n<h3>Datos del comprador<\/h3>\n<input type=\"text\" name=\"buyer_name\" placeholder=\"Nombre y apellidos\" required>\n<input type=\"email\" name=\"buyer_email\" placeholder=\"Email\" required>\n<input type=\"tel\" name=\"phone\" placeholder=\"Tel\u00e9fono\" required>\n\n<h3>Beneficiario\/s del vale regalo<\/h3>\n<p>Introduce el nombre del beneficiario y su mail para poder enviarle directamente el vale regalo. Si deseas imprimir el vale o entregarlo en persona, puedes usar tu propio email.<\/p>\n<br>\n<input type=\"text\" name=\"beneficiario_1\" placeholder=\"Beneficiario 1\" required>\n<input type=\"text\" name=\"beneficiario_2\" placeholder=\"Beneficiario 2\">\n<input type=\"email\" name=\"beneficiary_email\" placeholder=\"Email del beneficiario\">\n\n<p>\n<label>\n<input type=\"checkbox\" id=\"pickup_restaurant\" name=\"pickup_restaurant\">\n<br>\nDeseo pasar a recoger el vale regalo en el restaurante<\/label>\n<\/p>\n\n<p id=\"pickup_date_wrap\" style=\"display:none;\">\n<label>Indique la fecha para recoger el vale regalo<\/label><br>\n<input type=\"date\" name=\"pickup_date\">\n<\/p>\n\n<h3>Seleccione las opciones que desea a\u00f1adir<\/h3>\n\n    <div class=\"cr-option\">\n        <label>\n            <input type=\"checkbox\" class=\"cr-check\" name=\"cr_option_0\" data-price=\"320\">\n            <strong>Men\u00fa Revoluci\u00f3n (320\u20ac)<\/strong>\n        <\/label>\n        <input type=\"number\" class=\"cr-qty\" name=\"cr_qty_0\" value=\"0\" min=\"0\">\n    <\/div>\n    <div class=\"cr-option\">\n        <label>\n            <input type=\"checkbox\" class=\"cr-check\" name=\"cr_option_1\" data-price=\"195\">\n            <strong>Maridaje Revoluci\u00f3n 1 (195\u20ac)<\/strong>\n        <\/label>\n        <input type=\"number\" class=\"cr-qty\" name=\"cr_qty_1\" value=\"0\" min=\"0\">\n    <\/div>\n    <div class=\"cr-option\">\n        <label>\n            <input type=\"checkbox\" class=\"cr-check\" name=\"cr_option_2\" data-price=\"420\">\n            <strong>Maridaje Revoluci\u00f3n 2 (420\u20ac)<\/strong>\n        <\/label>\n        <input type=\"number\" class=\"cr-qty\" name=\"cr_qty_2\" value=\"0\" min=\"0\">\n    <\/div>\n    <div class=\"cr-option\">\n        <label>\n            <input type=\"checkbox\" class=\"cr-check\" name=\"cr_option_3\" data-price=\"40\">\n            <strong>Extras Bebidas (40\u20ac)<\/strong>\n        <\/label>\n        <input type=\"number\" class=\"cr-qty\" name=\"cr_qty_3\" value=\"0\" min=\"0\">\n    <\/div>\n\n<div class=\"cr-option\">\n    <label>\n        <input type=\"checkbox\" id=\"cr-credit-check\" name=\"cr_credit_check\">\n        <strong>Regala cr\u00e9dito (\u20ac)<\/strong>\n    <\/label>\n    <input type=\"number\" id=\"cr-credit\" name=\"cr_credit\" value=\"0\" min=\"0\">\n<\/div>\n\n<div class=\"cr-extra-info\">\n    <ul class=\"cr-info-list\">\n        <br>\n        <li><strong>*Extra bebidas de 40\u20ac por persona:<\/strong>\n            incluye una copa de bienvenida o cerveza, aguas y caf\u00e9s.        <\/li><br>\n        <li><strong>*Maridaje de vinos:<\/strong>\n            Una selecci\u00f3n de los mejores vinos de nuestra carta escogidos por nuestros someliers.        <\/li><br>\n        <li><strong>*Botellas de vino de nuestra carta:<\/strong>\n            Seg\u00fan el importe que usted quiera regalar en la opci\u00f3n Regala cr\u00e9dito, nuestro rango de precios va de entre 60\u20ac hasta 5.000\u20ac.        <\/li>\n    <\/ul>\n<\/div>\n\n<h3>Total: <span id=\"cr-total\">0<\/span> \u20ac<\/h3>\n<input type=\"hidden\" name=\"total_amount\" id=\"cr-total-input\" value=\"0\">\n\n<button type=\"submit\" name=\"cr_submit\" class=\"btn big blue bg_white bc_blue x18 xs_x14 upper xs_mw100\">\nContinuar<\/button>\n\n<\/form>\n\n<script>\nfunction updateTotal() {\n    let total = 0;\n    document.querySelectorAll('.cr-option').forEach(opt => {\n        const check = opt.querySelector('.cr-check');\n        const qty   = opt.querySelector('.cr-qty');\n        if (check && check.checked) {\n            total += parseFloat(check.dataset.price) * parseInt(qty.value || 1);\n        }\n    });\n    if (document.getElementById('cr-credit-check').checked) {\n        total += parseFloat(document.getElementById('cr-credit').value || 0);\n    }\n    document.getElementById('cr-total').innerText = total.toFixed(2);\n    document.getElementById('cr-total-input').value = total.toFixed(2);\n}\ndocument.querySelectorAll('input').forEach(el => {\n    el.addEventListener('change', updateTotal);\n    el.addEventListener('keyup', updateTotal);\n});\ndocument.getElementById('pickup_restaurant').addEventListener('change', function(){\n    document.getElementById('pickup_date_wrap').style.display = this.checked ? 'block' : 'none';\n});\nupdateTotal();\n<\/script>\n\n\n<p>&nbsp;<\/p>\n<p>&nbsp;<\/p>\n","protected":false},"excerpt":{"rendered":"<p>&nbsp; &nbsp;<\/p>\n","protected":false},"author":4,"featured_media":0,"parent":0,"menu_order":0,"comment_status":"closed","ping_status":"closed","template":"","meta":{"_acf_changed":false,"_monsterinsights_skip_tracking":false,"_monsterinsights_sitenote_active":false,"_monsterinsights_sitenote_note":"","_monsterinsights_sitenote_category":0,"footnotes":""},"class_list":["post-20295","page","type-page","status-publish","hentry"],"acf":[],"_links":{"self":[{"href":"https:\/\/cocinahermanostorres.com\/es\/wp-json\/wp\/v2\/pages\/20295","targetHints":{"allow":["GET"]}}],"collection":[{"href":"https:\/\/cocinahermanostorres.com\/es\/wp-json\/wp\/v2\/pages"}],"about":[{"href":"https:\/\/cocinahermanostorres.com\/es\/wp-json\/wp\/v2\/types\/page"}],"author":[{"embeddable":true,"href":"https:\/\/cocinahermanostorres.com\/es\/wp-json\/wp\/v2\/users\/4"}],"replies":[{"embeddable":true,"href":"https:\/\/cocinahermanostorres.com\/es\/wp-json\/wp\/v2\/comments?post=20295"}],"version-history":[{"count":1,"href":"https:\/\/cocinahermanostorres.com\/es\/wp-json\/wp\/v2\/pages\/20295\/revisions"}],"predecessor-version":[{"id":20296,"href":"https:\/\/cocinahermanostorres.com\/es\/wp-json\/wp\/v2\/pages\/20295\/revisions\/20296"}],"wp:attachment":[{"href":"https:\/\/cocinahermanostorres.com\/es\/wp-json\/wp\/v2\/media?parent=20295"}],"curies":[{"name":"wp","href":"https:\/\/api.w.org\/{rel}","templated":true}]}}