{"id":814,"date":"2018-10-25T10:24:00","date_gmt":"2018-10-25T10:24:00","guid":{"rendered":"https:\/\/cocinahermanostorres.com\/hermanostorres\/politica-privacidad\/"},"modified":"2018-11-20T14:17:37","modified_gmt":"2018-11-20T14:17:37","slug":"legal-notice","status":"publish","type":"page","link":"https:\/\/cocinahermanostorres.com\/en\/legal-notice\/","title":{"rendered":"Legal Notice for bookings"},"content":{"rendered":"<p>&nbsp;<\/p>\n<p><strong>RESTAURANTE COCINA-DOS BARCELONA S.L.<\/strong>, te informa que los datos de car\u00e1cter personal que nos proporciones rellenando el presente formulario de reservas ser\u00e1n tratados por <strong>RESTAURANTE COCINA-DOS BARCELONA S.L.<\/strong> como responsable de esta web. La finalidad de la recogida y tratamiento de los datos personales que te solicitamos es para poder tramitar expresamente tu solicitud de reserva a nuestro restaurante, y en todo caso para poder enviarte nuestras noticias, promociones de productos y\/o Servicios y recursos exclusivos siempre y cuando as\u00ed lo autorices. La legitimaci\u00f3n se realiza a trav\u00e9s del consentimiento del interesado. Te informamos que los datos que nos facilitas los guardar\u00e1 <strong>RESTAURANTE COCINA-DOS BARCELONA S.L<\/strong>. El hecho de que no introduzcas los datos de car\u00e1cter personal que aparecen en el formulario como obligatorios podr\u00e1 tener como consecuencia que no podamos realizar tu reserva. Los datos no se ceder\u00e1n a terceros a no ser que lo exija una ley o sea necesario para cumplir con la finalidad del tratamiento. Podr\u00e1s ejercer tus derechos de acceso, rectificaci\u00f3n, limitaci\u00f3n, portabilidad, supresi\u00f3n y cancelaci\u00f3n de los datos en <a href=\"mailto:reservas@cocinahermanostorres.com\" target=\"_blank\" rel=\"noopener\">reservas@cocinahermanostorres.com<\/a> C\/Taquigraf Serra, 20 08029 Barcelona, as\u00ed como el derecho a presentar una reclamaci\u00f3n ante una autoridad de control. Puedes consultar la informaci\u00f3n adicional y detallada sobre Protecci\u00f3n de Datos en nuestra Pol\u00edtica de privacidad.<br \/>\n*Campos obligatorios<\/p>\n","protected":false},"excerpt":{"rendered":"<p>&nbsp; RESTAURANTE COCINA-DOS BARCELONA S.L., te informa que los datos de car\u00e1cter personal que nos proporciones rellenando el presente formulario de reservas ser\u00e1n tratados por RESTAURANTE COCINA-DOS BARCELONA S.L. como responsable de esta web. La finalidad de la recogida y tratamiento de los datos personales que te solicitamos es para poder tramitar expresamente tu solicitud [&hellip;]<\/p>\n","protected":false},"author":1,"featured_media":0,"parent":0,"menu_order":0,"comment_status":"closed","ping_status":"open","template":"","meta":{"_acf_changed":false,"_monsterinsights_skip_tracking":false,"_monsterinsights_sitenote_active":false,"_monsterinsights_sitenote_note":"","_monsterinsights_sitenote_category":0,"footnotes":""},"class_list":["post-814","page","type-page","status-publish","hentry"],"acf":[],"_links":{"self":[{"href":"https:\/\/cocinahermanostorres.com\/en\/wp-json\/wp\/v2\/pages\/814","targetHints":{"allow":["GET"]}}],"collection":[{"href":"https:\/\/cocinahermanostorres.com\/en\/wp-json\/wp\/v2\/pages"}],"about":[{"href":"https:\/\/cocinahermanostorres.com\/en\/wp-json\/wp\/v2\/types\/page"}],"author":[{"embeddable":true,"href":"https:\/\/cocinahermanostorres.com\/en\/wp-json\/wp\/v2\/users\/1"}],"replies":[{"embeddable":true,"href":"https:\/\/cocinahermanostorres.com\/en\/wp-json\/wp\/v2\/comments?post=814"}],"version-history":[{"count":3,"href":"https:\/\/cocinahermanostorres.com\/en\/wp-json\/wp\/v2\/pages\/814\/revisions"}],"predecessor-version":[{"id":826,"href":"https:\/\/cocinahermanostorres.com\/en\/wp-json\/wp\/v2\/pages\/814\/revisions\/826"}],"wp:attachment":[{"href":"https:\/\/cocinahermanostorres.com\/en\/wp-json\/wp\/v2\/media?parent=814"}],"curies":[{"name":"wp","href":"https:\/\/api.w.org\/{rel}","templated":true}]}}