{"id":20542,"date":"2025-12-20T18:08:27","date_gmt":"2025-12-20T18:08:27","guid":{"rendered":"https:\/\/cocinahermanostorres.com\/regala-cocina-hermanos-torres\/"},"modified":"2026-02-02T07:27:18","modified_gmt":"2026-02-02T07:27:18","slug":"regala-cocina-hermanos-torres","status":"publish","type":"page","link":"https:\/\/cocinahermanostorres.com\/ca\/regala-cocina-hermanos-torres\/","title":{"rendered":"Regala Cocina Hermanos Torres"},"content":{"rendered":"\n<!-- FORMULARIO -->\n<form method=\"post\" id=\"cr-form\">\n<p><strong>Regala una experi\u00e8ncia inoblidable i \u00fanica a Barcelona. Un servei de cuina i sala en directe en un ambient immersiu, on podr\u00e0s veure els Germans Torres i el seu equip elaborant un men\u00fa 3 estrelles Michelin des de la teva taula. Sigues part de la m\u00e0gia. El men\u00fa complet consta de 16 passes, incloent petits fours i 3 postres. El preu \u00e9s de 320\u20ac per persona i no inclou begudes.<\/strong><\/p>\n\n<h3>Dades del comprador<\/h3>\n<input type=\"text\" name=\"buyer_name\" placeholder=\"Nom i cognoms\" required>\n<input type=\"email\" name=\"buyer_email\" placeholder=\"Email\" required>\n<input type=\"tel\" name=\"phone\" placeholder=\"Tel\u00e8fon\" required>\n\n<h3>Beneficiari\/s del val regal<\/h3>\n<p>Introdu\u00efu el nom del beneficiari i el vostre mail per poder enviar-li directament el val regal. Si vols imprimir el val o lliurar-lo en persona, pots fer servir el teu propi email.<\/p>\n<br>\n<input type=\"text\" name=\"beneficiario_1\" placeholder=\"Beneficiari 1\" required>\n<input type=\"text\" name=\"beneficiario_2\" placeholder=\"Beneficiari 2\">\n<input type=\"email\" name=\"beneficiary_email\" placeholder=\"Correu electr\u00f2nic del beneficiari\">\n\n<p>\n<label>\n<input type=\"checkbox\" id=\"pickup_restaurant\" name=\"pickup_restaurant\">\n<br>\nDesitjo passar a recollir el xec regal al restaurant<\/label>\n<\/p>\n\n<p id=\"pickup_date_wrap\" style=\"display:none;\">\n<label>Indiqueu la data per recollir el xec regal<\/label><br>\n<input type=\"date\" name=\"pickup_date\">\n<\/p>\n\n<h3>Seleccioneu les opcions que desitgeu afegir<\/h3>\n\n    <div class=\"cr-option\">\n        <label>\n            <input type=\"checkbox\" class=\"cr-check\" name=\"cr_option_0\" data-price=\"320\">\n            <strong>Men\u00fa Revoluci\u00f3 (320\u20ac)<\/strong>\n        <\/label>\n        <input type=\"number\" class=\"cr-qty\" name=\"cr_qty_0\" value=\"0\" min=\"0\">\n    <\/div>\n    <div class=\"cr-option\">\n        <label>\n            <input type=\"checkbox\" class=\"cr-check\" name=\"cr_option_1\" data-price=\"195\">\n            <strong>Maridatge Revoluci\u00f3 1 (195\u20ac)<\/strong>\n        <\/label>\n        <input type=\"number\" class=\"cr-qty\" name=\"cr_qty_1\" value=\"0\" min=\"0\">\n    <\/div>\n    <div class=\"cr-option\">\n        <label>\n            <input type=\"checkbox\" class=\"cr-check\" name=\"cr_option_2\" data-price=\"420\">\n            <strong>Maridatge Revoluci\u00f3 2 (420\u20ac)<\/strong>\n        <\/label>\n        <input type=\"number\" class=\"cr-qty\" name=\"cr_qty_2\" value=\"0\" min=\"0\">\n    <\/div>\n    <div class=\"cr-option\">\n        <label>\n            <input type=\"checkbox\" class=\"cr-check\" name=\"cr_option_3\" data-price=\"40\">\n            <strong>Extres Begudes (40\u20ac)<\/strong>\n        <\/label>\n        <input type=\"number\" class=\"cr-qty\" name=\"cr_qty_3\" value=\"0\" min=\"0\">\n    <\/div>\n\n<div class=\"cr-option\">\n    <label>\n        <input type=\"checkbox\" id=\"cr-credit-check\" name=\"cr_credit_check\">\n        <strong>Regala cr\u00e8dit (\u20ac)<\/strong>\n    <\/label>\n    <input type=\"number\" id=\"cr-credit\" name=\"cr_credit\" value=\"0\" min=\"0\">\n<\/div>\n\n<div class=\"cr-extra-info\">\n    <ul class=\"cr-info-list\">\n        <br>\n        <li><strong>*Extra begudes de 40\u20ac per persona:<\/strong>\n            inclou una copa de benvinguda o cervesa, aig\u00fces i caf\u00e8s.        <\/li><br>\n        <li><strong>*Maridatge de vins:<\/strong>\n            Una selecci\u00f3 dels millors vins de la nostra carta escollits pels nostres sommeliers.        <\/li><br>\n        <li><strong>*Ampolles de vi de la nostra carta:<\/strong>\n            Segons l&#039;import que voleu regalar a l&#039;opci\u00f3 Regala cr\u00e8dit, el nostre rang de preus va d&#039;entre 60\u20ac fins a 5.000\u20ac.        <\/li>\n    <\/ul>\n<\/div>\n\n<h3>Total: <span id=\"cr-total\">0<\/span> \u20ac<\/h3>\n<input type=\"hidden\" name=\"total_amount\" id=\"cr-total-input\" value=\"0\">\n\n<button type=\"submit\" name=\"cr_submit\" class=\"btn big blue bg_white bc_blue x18 xs_x14 upper xs_mw100\">\nContinuar<\/button>\n\n<\/form>\n\n<script>\nfunction updateTotal() {\n    let total = 0;\n    document.querySelectorAll('.cr-option').forEach(opt => {\n        const check = opt.querySelector('.cr-check');\n        const qty   = opt.querySelector('.cr-qty');\n        if (check && check.checked) {\n            total += parseFloat(check.dataset.price) * parseInt(qty.value || 1);\n        }\n    });\n    if (document.getElementById('cr-credit-check').checked) {\n        total += parseFloat(document.getElementById('cr-credit').value || 0);\n    }\n    document.getElementById('cr-total').innerText = total.toFixed(2);\n    document.getElementById('cr-total-input').value = total.toFixed(2);\n}\ndocument.querySelectorAll('input').forEach(el => {\n    el.addEventListener('change', updateTotal);\n    el.addEventListener('keyup', updateTotal);\n});\ndocument.getElementById('pickup_restaurant').addEventListener('change', function(){\n    document.getElementById('pickup_date_wrap').style.display = this.checked ? 'block' : 'none';\n});\nupdateTotal();\n<\/script>\n\n\n<p>&nbsp;<\/p>\n<p>&nbsp;<\/p>\n","protected":false},"excerpt":{"rendered":"<p>&nbsp; &nbsp;<\/p>\n","protected":false},"author":4,"featured_media":0,"parent":0,"menu_order":0,"comment_status":"closed","ping_status":"closed","template":"","meta":{"_acf_changed":false,"_monsterinsights_skip_tracking":false,"_monsterinsights_sitenote_active":false,"_monsterinsights_sitenote_note":"","_monsterinsights_sitenote_category":0,"footnotes":""},"class_list":["post-20542","page","type-page","status-publish","hentry"],"acf":[],"_links":{"self":[{"href":"https:\/\/cocinahermanostorres.com\/ca\/wp-json\/wp\/v2\/pages\/20542","targetHints":{"allow":["GET"]}}],"collection":[{"href":"https:\/\/cocinahermanostorres.com\/ca\/wp-json\/wp\/v2\/pages"}],"about":[{"href":"https:\/\/cocinahermanostorres.com\/ca\/wp-json\/wp\/v2\/types\/page"}],"author":[{"embeddable":true,"href":"https:\/\/cocinahermanostorres.com\/ca\/wp-json\/wp\/v2\/users\/4"}],"replies":[{"embeddable":true,"href":"https:\/\/cocinahermanostorres.com\/ca\/wp-json\/wp\/v2\/comments?post=20542"}],"version-history":[{"count":1,"href":"https:\/\/cocinahermanostorres.com\/ca\/wp-json\/wp\/v2\/pages\/20542\/revisions"}],"predecessor-version":[{"id":20544,"href":"https:\/\/cocinahermanostorres.com\/ca\/wp-json\/wp\/v2\/pages\/20542\/revisions\/20544"}],"wp:attachment":[{"href":"https:\/\/cocinahermanostorres.com\/ca\/wp-json\/wp\/v2\/media?parent=20542"}],"curies":[{"name":"wp","href":"https:\/\/api.w.org\/{rel}","templated":true}]}}