{"id":13708,"date":"2018-10-25T10:24:00","date_gmt":"2018-10-25T10:24:00","guid":{"rendered":"https:\/\/cocinahermanostorres.com\/aviso-legal\/"},"modified":"2022-04-05T13:20:54","modified_gmt":"2022-04-05T13:20:54","slug":"avis-legal","status":"publish","type":"page","link":"https:\/\/cocinahermanostorres.com\/ca\/avis-legal\/","title":{"rendered":"Av\u00eds legal"},"content":{"rendered":"<p>&nbsp;<\/p>\n<p><strong>RESTAURANTE COCINA-DOS BARCELONA SL<\/strong>, t&#8217;informa que les dades de car\u00e0cter personal que ens proporcionis omplint el present formulari de reserves seran tractades per <strong>RESTAURANTE COCINA-DOS BARCELONA SL<\/strong> com a responsable de aquesta web. La finalitat de la recollida i tractament de les dades personals que et sol\u00b7licitem \u00e9s per poder tramitar expressament la teva sol\u00b7licitud de reserva al nostre restaurant, i en tot cas per poder enviar-te les nostres not\u00edcies, promocions de productes i\/o Serveis i recursos exclusius sempre que aix\u00ed ho autoritzis. La legitimaci\u00f3 es fa a trav\u00e9s del consentiment de linteressat. T&#8217;informem que les dades que ens facilites les guardar\u00e0 <strong>RESTAURANTE COCINA-DOS BARCELONA S.L<\/strong>. El fet que no introdueixis les dades de car\u00e0cter personal que apareixen al formulari com a obligat\u00f2ries podr\u00e0 tenir com a conseq\u00fc\u00e8ncia que no puguem realitzar la teva reserva. Les dades no se cediran a tercers tret que ho exigeixi una llei o sigui necessari per complir amb la finalitat del tractament. Podr\u00e0s exercir els teus drets d&#8217;acc\u00e9s, rectificaci\u00f3, limitaci\u00f3, portabilitat, supressi\u00f3 i cancel\u00b7laci\u00f3 de les dades a <a href=\"mailto:reservas@cocinahermanostorres.com\" target=\"_blank\" rel=\"noopener\">reservas@cocinahermanostorres.com< \/a> C\/Taquigraf Serra, 20 08029 Barcelona, \u200b\u200baix\u00ed com el dret a presentar una reclamaci\u00f3 davant d&#8217;una autoritat de control. Pots consultar la informaci\u00f3 addicional i detallada sobre Protecci\u00f3 de Dades a la nostra Pol\u00edtica de privadesa.<br \/>\n*Camps obligatoris<\/p>\n","protected":false},"excerpt":{"rendered":"<p>&nbsp; RESTAURANTE COCINA-DOS BARCELONA SL, t&#8217;informa que les dades de car\u00e0cter personal que ens proporcionis omplint el present formulari de reserves seran tractades per RESTAURANTE COCINA-DOS BARCELONA SL com a responsable de aquesta web. La finalitat de la recollida i tractament de les dades personals que et sol\u00b7licitem \u00e9s per poder tramitar expressament la teva [&hellip;]<\/p>\n","protected":false},"author":1,"featured_media":0,"parent":0,"menu_order":0,"comment_status":"closed","ping_status":"open","template":"","meta":{"_acf_changed":false,"_monsterinsights_skip_tracking":false,"_monsterinsights_sitenote_active":false,"_monsterinsights_sitenote_note":"","_monsterinsights_sitenote_category":0,"footnotes":""},"class_list":["post-13708","page","type-page","status-publish","hentry"],"acf":[],"_links":{"self":[{"href":"https:\/\/cocinahermanostorres.com\/ca\/wp-json\/wp\/v2\/pages\/13708","targetHints":{"allow":["GET"]}}],"collection":[{"href":"https:\/\/cocinahermanostorres.com\/ca\/wp-json\/wp\/v2\/pages"}],"about":[{"href":"https:\/\/cocinahermanostorres.com\/ca\/wp-json\/wp\/v2\/types\/page"}],"author":[{"embeddable":true,"href":"https:\/\/cocinahermanostorres.com\/ca\/wp-json\/wp\/v2\/users\/1"}],"replies":[{"embeddable":true,"href":"https:\/\/cocinahermanostorres.com\/ca\/wp-json\/wp\/v2\/comments?post=13708"}],"version-history":[{"count":3,"href":"https:\/\/cocinahermanostorres.com\/ca\/wp-json\/wp\/v2\/pages\/13708\/revisions"}],"predecessor-version":[{"id":13711,"href":"https:\/\/cocinahermanostorres.com\/ca\/wp-json\/wp\/v2\/pages\/13708\/revisions\/13711"}],"wp:attachment":[{"href":"https:\/\/cocinahermanostorres.com\/ca\/wp-json\/wp\/v2\/media?parent=13708"}],"curies":[{"name":"wp","href":"https:\/\/api.w.org\/{rel}","templated":true}]}}